{"id":1924,"date":"2021-09-06T14:38:46","date_gmt":"2021-09-06T12:38:46","guid":{"rendered":"https:\/\/advokatikevac.com\/?page_id=1924"},"modified":"2021-11-19T22:31:44","modified_gmt":"2021-11-19T20:31:44","slug":"obavezno-procitati","status":"publish","type":"page","link":"https:\/\/advokatikevac.com\/cir\/obavezno-procitati\/","title":{"rendered":"\u041e\u0431\u0430\u0432\u0435\u0437\u043d\u043e \u043f\u0440\u043e\u0447\u0438\u0442\u0430\u0442\u0438"},"content":{"rendered":"<div data-elementor-type=\"wp-page\" data-elementor-id=\"1924\" class=\"elementor elementor-1924\" data-elementor-post-type=\"page\">\n\t\t\t\t\t\t<section class=\"elementor-section elementor-top-section elementor-element elementor-element-eb678a0 elementor-section-boxed elementor-section-height-default elementor-section-height-default\" data-id=\"eb678a0\" data-element_type=\"section\" data-e-type=\"section\">\n\t\t\t\t\t\t<div class=\"elementor-container elementor-column-gap-default\">\n\t\t\t\t\t<div class=\"elementor-column elementor-col-100 elementor-top-column elementor-element elementor-element-a3ae3e9\" data-id=\"a3ae3e9\" data-element_type=\"column\" data-e-type=\"column\">\n\t\t\t<div class=\"elementor-widget-wrap elementor-element-populated\">\n\t\t\t\t\t\t<div class=\"elementor-element elementor-element-b849239 elementor-widget elementor-widget-heading\" data-id=\"b849239\" data-element_type=\"widget\" data-e-type=\"widget\" data-widget_type=\"heading.default\">\n\t\t\t\t<div class=\"elementor-widget-container\">\n\t\t\t\t\t<h2 class=\"elementor-heading-title elementor-size-default\">\u041f\u043e\u0441\u0435\u0431\u043d\u043e \u0437\u0430\u043d\u0438\u043c\u0459\u0438\u0432\u0435 \u0441\u0438\u0442\u0443\u0430\u0446\u0438\u0458\u0435<\/h2>\t\t\t\t<\/div>\n\t\t\t\t<\/div>\n\t\t\t\t<div class=\"elementor-element elementor-element-3916a4e elementor-widget elementor-widget-pp-divider\" data-id=\"3916a4e\" data-element_type=\"widget\" data-e-type=\"widget\" data-widget_type=\"pp-divider.default\">\n\t\t\t\t<div class=\"elementor-widget-container\">\n\t\t\t\t\t\t\t<div class=\"pp-divider-wrap\">\n\t\t\t\t\t\t\t<div class=\"pp-divider pp-divider-horizontal horizontal\"><\/div>\n\t\t\t\t\t\t<\/div>    \n\t\t\t\t\t\t<\/div>\n\t\t\t\t<\/div>\n\t\t\t\t<section class=\"elementor-section elementor-inner-section elementor-element elementor-element-246aa87 elementor-section-boxed elementor-section-height-default elementor-section-height-default\" data-id=\"246aa87\" data-element_type=\"section\" data-e-type=\"section\">\n\t\t\t\t\t\t<div class=\"elementor-container elementor-column-gap-default\">\n\t\t\t\t\t<div class=\"elementor-column elementor-col-50 elementor-inner-column elementor-element elementor-element-9bc044c\" data-id=\"9bc044c\" data-element_type=\"column\" data-e-type=\"column\">\n\t\t\t<div class=\"elementor-widget-wrap elementor-element-populated\">\n\t\t\t\t\t\t<div class=\"elementor-element elementor-element-399b244 elementor-icon-list--layout-traditional elementor-list-item-link-full_width elementor-widget elementor-widget-icon-list\" data-id=\"399b244\" data-element_type=\"widget\" data-e-type=\"widget\" data-widget_type=\"icon-list.default\">\n\t\t\t\t<div class=\"elementor-widget-container\">\n\t\t\t\t\t\t\t<ul class=\"elementor-icon-list-items\">\n\t\t\t\t\t\t\t<li class=\"elementor-icon-list-item\">\n\t\t\t\t\t\t\t\t\t\t\t<span class=\"elementor-icon-list-icon\">\n\t\t\t\t\t\t\t<svg aria-hidden=\"true\" class=\"e-font-icon-svg e-fas-check\" viewbox=\"0 0 512 512\" xmlns=\"http:\/\/www.w3.org\/2000\/svg\"><path d=\"M173.898 439.404l-166.4-166.4c-9.997-9.997-9.997-26.206 0-36.204l36.203-36.204c9.997-9.998 26.207-9.998 36.204 0L192 312.69 432.095 72.596c9.997-9.997 26.207-9.997 36.204 0l36.203 36.204c9.997 9.997 9.997 26.206 0 36.204l-294.4 294.401c-9.998 9.997-26.207 9.997-36.204-.001z\"><\/path><\/svg>\t\t\t\t\t\t<\/span>\n\t\t\t\t\t\t\t\t\t\t<span class=\"elementor-icon-list-text\">\u043d\u0430\u043a\u043d\u0430\u0434\u0430 \u0448\u0442\u0435\u0442\u0435 \u0443\u0437\u0440\u043e\u043a\u043e\u0432\u0430\u043d\u0435 \u0436\u0438\u0432\u043e\u0442\u0438\u045a\u0430\u043c\u0430 \u043d\u0430 \u043f\u0443\u0442\u0443<\/span>\n\t\t\t\t\t\t\t\t\t<\/li>\n\t\t\t\t\t\t\t\t<li class=\"elementor-icon-list-item\">\n\t\t\t\t\t\t\t\t\t\t\t<span class=\"elementor-icon-list-icon\">\n\t\t\t\t\t\t\t<svg aria-hidden=\"true\" class=\"e-font-icon-svg e-fas-check\" viewbox=\"0 0 512 512\" xmlns=\"http:\/\/www.w3.org\/2000\/svg\"><path d=\"M173.898 439.404l-166.4-166.4c-9.997-9.997-9.997-26.206 0-36.204l36.203-36.204c9.997-9.998 26.207-9.998 36.204 0L192 312.69 432.095 72.596c9.997-9.997 26.207-9.997 36.204 0l36.203 36.204c9.997 9.997 9.997 26.206 0 36.204l-294.4 294.401c-9.998 9.997-26.207 9.997-36.204-.001z\"><\/path><\/svg>\t\t\t\t\t\t<\/span>\n\t\t\t\t\t\t\t\t\t\t<span class=\"elementor-icon-list-text\">\u043d\u0430\u043a\u043d\u0430\u0434\u0435 \u0448\u0442\u0435\u0442\u0435 \u0443\u0437\u0440\u043e\u043a\u043e\u0432\u0430\u043d\u0435 \u043e\u0434\u0440\u043e\u043d\u043e\u043c \u043d\u0430 \u043f\u0443\u0442\u0443<\/span>\n\t\t\t\t\t\t\t\t\t<\/li>\n\t\t\t\t\t\t\t\t<li class=\"elementor-icon-list-item\">\n\t\t\t\t\t\t\t\t\t\t\t<span class=\"elementor-icon-list-icon\">\n\t\t\t\t\t\t\t<svg aria-hidden=\"true\" class=\"e-font-icon-svg e-fas-check\" viewbox=\"0 0 512 512\" xmlns=\"http:\/\/www.w3.org\/2000\/svg\"><path d=\"M173.898 439.404l-166.4-166.4c-9.997-9.997-9.997-26.206 0-36.204l36.203-36.204c9.997-9.998 26.207-9.998 36.204 0L192 312.69 432.095 72.596c9.997-9.997 26.207-9.997 36.204 0l36.203 36.204c9.997 9.997 9.997 26.206 0 36.204l-294.4 294.401c-9.998 9.997-26.207 9.997-36.204-.001z\"><\/path><\/svg>\t\t\t\t\t\t<\/span>\n\t\t\t\t\t\t\t\t\t\t<span class=\"elementor-icon-list-text\">\u043d\u0430\u043a\u043d\u0430\u0434\u0435 \u0448\u0442\u0435\u0442\u0435 \u043f\u0440\u043e\u0443\u0437\u0440\u043e\u043a\u043e\u0432\u0430\u043d\u0435 \u043f\u0430\u0434\u043e\u043c \u0434\u0440\u0432\u0435\u0442\u0430<\/span>\n\t\t\t\t\t\t\t\t\t<\/li>\n\t\t\t\t\t\t\t\t<li class=\"elementor-icon-list-item\">\n\t\t\t\t\t\t\t\t\t\t\t<span class=\"elementor-icon-list-icon\">\n\t\t\t\t\t\t\t<svg aria-hidden=\"true\" class=\"e-font-icon-svg e-fas-check\" viewbox=\"0 0 512 512\" xmlns=\"http:\/\/www.w3.org\/2000\/svg\"><path d=\"M173.898 439.404l-166.4-166.4c-9.997-9.997-9.997-26.206 0-36.204l36.203-36.204c9.997-9.998 26.207-9.998 36.204 0L192 312.69 432.095 72.596c9.997-9.997 26.207-9.997 36.204 0l36.203 36.204c9.997 9.997 9.997 26.206 0 36.204l-294.4 294.401c-9.998 9.997-26.207 9.997-36.204-.001z\"><\/path><\/svg>\t\t\t\t\t\t<\/span>\n\t\t\t\t\t\t\t\t\t\t<span class=\"elementor-icon-list-text\">\u043d\u0430\u043a\u043d\u0430\u0434\u0435 \u0448\u0442\u0435\u0442\u0435 \u043f\u0440\u043e\u0443\u0437\u0440\u043e\u043a\u043e\u0432\u0430\u043d\u0435 \u0443\u0458\u0435\u0434\u043e\u043c \u043f\u0441\u0430<\/span>\n\t\t\t\t\t\t\t\t\t<\/li>\n\t\t\t\t\t\t\t\t<li class=\"elementor-icon-list-item\">\n\t\t\t\t\t\t\t\t\t\t\t<span class=\"elementor-icon-list-icon\">\n\t\t\t\t\t\t\t<svg aria-hidden=\"true\" class=\"e-font-icon-svg e-fas-check\" viewbox=\"0 0 512 512\" xmlns=\"http:\/\/www.w3.org\/2000\/svg\"><path d=\"M173.898 439.404l-166.4-166.4c-9.997-9.997-9.997-26.206 0-36.204l36.203-36.204c9.997-9.998 26.207-9.998 36.204 0L192 312.69 432.095 72.596c9.997-9.997 26.207-9.997 36.204 0l36.203 36.204c9.997 9.997 9.997 26.206 0 36.204l-294.4 294.401c-9.998 9.997-26.207 9.997-36.204-.001z\"><\/path><\/svg>\t\t\t\t\t\t<\/span>\n\t\t\t\t\t\t\t\t\t\t<span class=\"elementor-icon-list-text\">\u043d\u0430\u043a\u043d\u0430\u0434\u0435 \u0448\u0442\u0435\u0442\u0435 \u0443 \u0432\u0438\u0434\u0443 \u0438\u0437\u0433\u0443\u0431\u0459\u0435\u043d\u0435 \u0437\u0430\u0440\u0430\u0434\u0435<\/span>\n\t\t\t\t\t\t\t\t\t<\/li>\n\t\t\t\t\t\t<\/ul>\n\t\t\t\t\t\t<\/div>\n\t\t\t\t<\/div>\n\t\t\t\t\t<\/div>\n\t\t<\/div>\n\t\t\t\t<div class=\"elementor-column elementor-col-50 elementor-inner-column elementor-element elementor-element-7730b4e\" data-id=\"7730b4e\" data-element_type=\"column\" data-e-type=\"column\">\n\t\t\t<div class=\"elementor-widget-wrap elementor-element-populated\">\n\t\t\t\t\t\t<div class=\"elementor-element elementor-element-5c9803a elementor-icon-list--layout-traditional elementor-list-item-link-full_width elementor-widget elementor-widget-icon-list\" data-id=\"5c9803a\" data-element_type=\"widget\" data-e-type=\"widget\" data-widget_type=\"icon-list.default\">\n\t\t\t\t<div class=\"elementor-widget-container\">\n\t\t\t\t\t\t\t<ul class=\"elementor-icon-list-items\">\n\t\t\t\t\t\t\t<li class=\"elementor-icon-list-item\">\n\t\t\t\t\t\t\t\t\t\t\t<span class=\"elementor-icon-list-icon\">\n\t\t\t\t\t\t\t<svg aria-hidden=\"true\" class=\"e-font-icon-svg e-fas-check\" viewbox=\"0 0 512 512\" xmlns=\"http:\/\/www.w3.org\/2000\/svg\"><path d=\"M173.898 439.404l-166.4-166.4c-9.997-9.997-9.997-26.206 0-36.204l36.203-36.204c9.997-9.998 26.207-9.998 36.204 0L192 312.69 432.095 72.596c9.997-9.997 26.207-9.997 36.204 0l36.203 36.204c9.997 9.997 9.997 26.206 0 36.204l-294.4 294.401c-9.998 9.997-26.207 9.997-36.204-.001z\"><\/path><\/svg>\t\t\t\t\t\t<\/span>\n\t\t\t\t\t\t\t\t\t\t<span class=\"elementor-icon-list-text\">\u0440\u0435\u0433\u0440\u0435\u0441\u043d\u0438 \u0437\u0430\u0445\u0442\u0435\u0432\u0438 \u0444\u043e\u043d\u0434\u043e\u0432\u0430 \u0437\u0434\u0440\u0430\u0432\u0441\u0442\u0432\u0435\u043d\u043e\u0433 \u043e\u0441\u0438\u0433\u0443\u0440\u0430\u045a\u0430 \u043f\u0440\u043e\u0442\u0438\u0432 \u043e\u0441\u0438\u0433\u0443\u0440\u0430\u045a\u0430<\/span>\n\t\t\t\t\t\t\t\t\t<\/li>\n\t\t\t\t\t\t\t\t<li class=\"elementor-icon-list-item\">\n\t\t\t\t\t\t\t\t\t\t\t<span class=\"elementor-icon-list-icon\">\n\t\t\t\t\t\t\t<svg aria-hidden=\"true\" class=\"e-font-icon-svg e-fas-check\" viewbox=\"0 0 512 512\" xmlns=\"http:\/\/www.w3.org\/2000\/svg\"><path d=\"M173.898 439.404l-166.4-166.4c-9.997-9.997-9.997-26.206 0-36.204l36.203-36.204c9.997-9.998 26.207-9.998 36.204 0L192 312.69 432.095 72.596c9.997-9.997 26.207-9.997 36.204 0l36.203 36.204c9.997 9.997 9.997 26.206 0 36.204l-294.4 294.401c-9.998 9.997-26.207 9.997-36.204-.001z\"><\/path><\/svg>\t\t\t\t\t\t<\/span>\n\t\t\t\t\t\t\t\t\t\t<span class=\"elementor-icon-list-text\">\u043d\u0430\u043a\u043d\u0430\u0434\u0435 \u0448\u0442\u0435\u0442\u0435 \u0443 \u0441\u0438\u0442\u0443\u0430\u0446\u0438\u0458\u0430\u043c\u0430 \u043a\u0430\u0434\u0430 \u0441\u0442\u0435 \u0431\u0438\u043b\u0438 \u043f\u043e\u0434 \u0434\u0435\u0458\u0441\u0442\u0432\u043e\u043c \u0430\u043b\u043a\u043e\u0445\u043e\u043b\u0430<\/span>\n\t\t\t\t\t\t\t\t\t<\/li>\n\t\t\t\t\t\t\t\t<li class=\"elementor-icon-list-item\">\n\t\t\t\t\t\t\t\t\t\t\t<span class=\"elementor-icon-list-icon\">\n\t\t\t\t\t\t\t<svg aria-hidden=\"true\" class=\"e-font-icon-svg e-fas-check\" viewbox=\"0 0 512 512\" xmlns=\"http:\/\/www.w3.org\/2000\/svg\"><path d=\"M173.898 439.404l-166.4-166.4c-9.997-9.997-9.997-26.206 0-36.204l36.203-36.204c9.997-9.998 26.207-9.998 36.204 0L192 312.69 432.095 72.596c9.997-9.997 26.207-9.997 36.204 0l36.203 36.204c9.997 9.997 9.997 26.206 0 36.204l-294.4 294.401c-9.998 9.997-26.207 9.997-36.204-.001z\"><\/path><\/svg>\t\t\t\t\t\t<\/span>\n\t\t\t\t\t\t\t\t\t\t<span class=\"elementor-icon-list-text\">\u043d\u0430\u043a\u043d\u0430\u0434\u0435 \u0448\u0442\u0435\u0442\u0435 \u043f\u0440\u043e\u0443\u0437\u0440\u043e\u043a\u043e\u0432\u0430\u043d\u0435 \u043f\u0430\u0434\u043e\u043c \u0443 \u0448\u0430\u0445\u0442<\/span>\n\t\t\t\t\t\t\t\t\t<\/li>\n\t\t\t\t\t\t\t\t<li class=\"elementor-icon-list-item\">\n\t\t\t\t\t\t\t\t\t\t\t<span class=\"elementor-icon-list-icon\">\n\t\t\t\t\t\t\t<svg aria-hidden=\"true\" class=\"e-font-icon-svg e-fas-check\" viewbox=\"0 0 512 512\" xmlns=\"http:\/\/www.w3.org\/2000\/svg\"><path d=\"M173.898 439.404l-166.4-166.4c-9.997-9.997-9.997-26.206 0-36.204l36.203-36.204c9.997-9.998 26.207-9.998 36.204 0L192 312.69 432.095 72.596c9.997-9.997 26.207-9.997 36.204 0l36.203 36.204c9.997 9.997 9.997 26.206 0 36.204l-294.4 294.401c-9.998 9.997-26.207 9.997-36.204-.001z\"><\/path><\/svg>\t\t\t\t\t\t<\/span>\n\t\t\t\t\t\t\t\t\t\t<span class=\"elementor-icon-list-text\">\u043d\u0430\u043a\u043d\u0430\u0434\u0435 \u0448\u0442\u0435\u0442\u0435 \u0437\u0431\u043e\u0433 \u043f\u0440\u043e\u043f\u0430\u043b\u043e\u0433 \u0442\u0443\u0440\u0438\u0441\u0442\u0438\u0447\u043e\u0433 \u0430\u0440\u0430\u043d\u0436\u043c\u0430\u043d\u0430<\/span>\n\t\t\t\t\t\t\t\t\t<\/li>\n\t\t\t\t\t\t\t\t<li class=\"elementor-icon-list-item\">\n\t\t\t\t\t\t\t\t\t\t\t<span class=\"elementor-icon-list-icon\">\n\t\t\t\t\t\t\t<svg aria-hidden=\"true\" class=\"e-font-icon-svg e-fas-check\" viewbox=\"0 0 512 512\" xmlns=\"http:\/\/www.w3.org\/2000\/svg\"><path d=\"M173.898 439.404l-166.4-166.4c-9.997-9.997-9.997-26.206 0-36.204l36.203-36.204c9.997-9.998 26.207-9.998 36.204 0L192 312.69 432.095 72.596c9.997-9.997 26.207-9.997 36.204 0l36.203 36.204c9.997 9.997 9.997 26.206 0 36.204l-294.4 294.401c-9.998 9.997-26.207 9.997-36.204-.001z\"><\/path><\/svg>\t\t\t\t\t\t<\/span>\n\t\t\t\t\t\t\t\t\t\t<span class=\"elementor-icon-list-text\">\u043d\u0430\u043a\u043d\u0430\u0434\u0430 \u0448\u0442\u0435\u0442\u0435 \u043f\u0440\u043e\u0437\u0440\u043e\u043a\u043e\u0432\u0430\u043d\u0430 \u043a\u043b\u0435\u0432\u0435\u0442\u043e\u043c<\/span>\n\t\t\t\t\t\t\t\t\t<\/li>\n\t\t\t\t\t\t<\/ul>\n\t\t\t\t\t\t<\/div>\n\t\t\t\t<\/div>\n\t\t\t\t\t<\/div>\n\t\t<\/div>\n\t\t\t\t\t<\/div>\n\t\t<\/section>\n\t\t\t\t\t<\/div>\n\t\t<\/div>\n\t\t\t\t\t<\/div>\n\t\t<\/section>\n\t\t\t\t<section class=\"elementor-section elementor-top-section elementor-element elementor-element-1a58460 elementor-section-boxed elementor-section-height-default elementor-section-height-default\" data-id=\"1a58460\" data-element_type=\"section\" data-e-type=\"section\">\n\t\t\t\t\t\t<div class=\"elementor-container elementor-column-gap-default\">\n\t\t\t\t\t<div class=\"elementor-column elementor-col-50 elementor-top-column elementor-element elementor-element-ffce1c7\" data-id=\"ffce1c7\" data-element_type=\"column\" data-e-type=\"column\" data-settings=\"{&quot;background_background&quot;:&quot;classic&quot;}\">\n\t\t\t<div class=\"elementor-widget-wrap elementor-element-populated\">\n\t\t\t\t\t\t<div class=\"elementor-element elementor-element-e21c78a elementor-widget elementor-widget-heading\" data-id=\"e21c78a\" data-element_type=\"widget\" data-e-type=\"widget\" data-widget_type=\"heading.default\">\n\t\t\t\t<div class=\"elementor-widget-container\">\n\t\t\t\t\t<h4 class=\"elementor-heading-title elementor-size-default\">\u041a\u0430\u043d\u0446\u0435\u043b\u0430\u0440\u0438\u0458\u0430 \u0458\u0435 \u043f\u043e\u0441\u0435\u0431\u043d\u043e \u0441\u043f\u0435\u0446\u0438\u0458\u0430\u043b\u0438\u0437\u043e\u0432\u0430\u043d\u0430 \u0437\u0430 \u0441\u0432\u0435 \u0432\u0440\u0441\u0442\u0435 \u043d\u0430\u043a\u043d\u0430\u0434\u0430 \u0448\u0442\u0435\u0442\u0435 (\u0438\u0437 \u0441\u0430\u043e\u0431\u0440\u0430\u045b\u0430\u0458\u043d\u0438\u0445 \u0443\u0434\u0435\u0441\u0430, \u043f\u043e\u0432\u0440\u0435\u0434\u0430 \u043d\u0430 \u0440\u0430\u0434\u0443 \u0438 \u0432\u0430\u043d \u0440\u0430\u0434\u0430, \u043d\u0430\u043a\u043d\u0430\u0434\u0430 \u0448\u0442\u0435\u0442\u0435 \u043d\u0430 \u0432\u043e\u0437\u0438\u043b\u0443 \u0438 \u043e\u0441\u0442\u0430\u043b\u043e\u0458 \u0438\u043c\u043e\u0432\u0438\u043d\u0438, \u043d\u0430\u043a\u043d\u0430\u0434\u0430 \u043f\u043e \u043e\u0441\u043d\u043e\u0432\u0443 \u043a\u043e\u043b\u0435\u043a\u0442\u0438\u0432\u043d\u043e\u0433 \u0438 \u043b\u0438\u0447\u043d\u043e\u0433 (\u0436\u0438\u0432\u043e\u0442\u043d\u043e\u0433) \u043e\u0441\u0438\u0433\u0443\u0440\u0430\u045a\u0430).<\/h4>\t\t\t\t<\/div>\n\t\t\t\t<\/div>\n\t\t\t\t\t<\/div>\n\t\t<\/div>\n\t\t\t\t<div class=\"elementor-column elementor-col-50 elementor-top-column elementor-element elementor-element-a1ec243\" data-id=\"a1ec243\" data-element_type=\"column\" data-e-type=\"column\">\n\t\t\t<div class=\"elementor-widget-wrap elementor-element-populated\">\n\t\t\t\t\t\t<div class=\"elementor-element elementor-element-ef38d9e elementor-widget elementor-widget-heading\" data-id=\"ef38d9e\" data-element_type=\"widget\" data-e-type=\"widget\" data-widget_type=\"heading.default\">\n\t\t\t\t<div class=\"elementor-widget-container\">\n\t\t\t\t\t<h4 class=\"elementor-heading-title elementor-size-default\">\u0427\u0430\u043a \u0438 \u0443\u043a\u043e\u043b\u0438\u043a\u043e \u0441\u0442\u0435 \u043a\u0440\u0438\u0432\u0438 \u0437\u0430 \u0441\u0430\u043e\u0431\u0440\u0430\u045b\u0430\u0458\u043d\u0438 \u0443\u0434\u0435\u0441 \u0438\u043b\u0438 \u043c\u0438\u0441\u043b\u0438\u0442\u0435 \u0434\u0430 \u0458\u0435 \u043d\u0430\u0441\u0442\u0443\u043f\u0438\u043b\u0430 \u0437\u0430\u0441\u0442\u0430\u0440\u0430, \u0458\u0435\u0440 \u0441\u0435 \u0443\u0434\u0435\u0441 \u0434\u0435\u0441\u0438\u043e \u0434\u0430\u0432\u043d\u043e, \u0447\u0435\u0441\u0442\u043e \u043f\u043e\u0441\u0442\u043e\u0458\u0438 \u043c\u043e\u0433\u0443\u045b\u043d\u043e\u0441\u0442 \u0434\u0430 \u043e\u0441\u0442\u0432\u0430\u0440\u0438\u0442\u0435 \u0412\u0430\u0448\u0435 \u043f\u0440\u0430\u0432\u043e \u043d\u0430 \u043d\u0430\u043a\u043d\u0430\u0434\u0443 \u0448\u0442\u0435\u0442\u0435.<\/h4>\t\t\t\t<\/div>\n\t\t\t\t<\/div>\n\t\t\t\t\t<\/div>\n\t\t<\/div>\n\t\t\t\t\t<\/div>\n\t\t<\/section>\n\t\t\t\t<\/div>","protected":false},"excerpt":{"rendered":"<p>Posebno zanimljive situacije naknada \u0161tete uzrokovane \u017eivotinjama na putu naknade \u0161tete uzrokovane odronom na putu naknade \u0161tete prouzrokovane padom drveta naknade \u0161tete prouzrokovane ujedom psa naknade \u0161tete u vidu izgubljene zarade regresni zahtevi fondova zdravstvenog osiguranja protiv osiguranja naknade \u0161tete u situacijama kada ste bili pod dejstvom alkohola naknade \u0161tete prouzrokovane padom u \u0161aht naknade [&hellip;]<\/p>\n","protected":false},"author":1,"featured_media":0,"parent":0,"menu_order":0,"comment_status":"closed","ping_status":"closed","template":"","meta":{"footnotes":""},"class_list":["post-1924","page","type-page","status-publish","hentry"],"_links":{"self":[{"href":"https:\/\/advokatikevac.com\/cir\/wp-json\/wp\/v2\/pages\/1924","targetHints":{"allow":["GET"]}}],"collection":[{"href":"https:\/\/advokatikevac.com\/cir\/wp-json\/wp\/v2\/pages"}],"about":[{"href":"https:\/\/advokatikevac.com\/cir\/wp-json\/wp\/v2\/types\/page"}],"author":[{"embeddable":true,"href":"https:\/\/advokatikevac.com\/cir\/wp-json\/wp\/v2\/users\/1"}],"replies":[{"embeddable":true,"href":"https:\/\/advokatikevac.com\/cir\/wp-json\/wp\/v2\/comments?post=1924"}],"version-history":[{"count":11,"href":"https:\/\/advokatikevac.com\/cir\/wp-json\/wp\/v2\/pages\/1924\/revisions"}],"predecessor-version":[{"id":2068,"href":"https:\/\/advokatikevac.com\/cir\/wp-json\/wp\/v2\/pages\/1924\/revisions\/2068"}],"wp:attachment":[{"href":"https:\/\/advokatikevac.com\/cir\/wp-json\/wp\/v2\/media?parent=1924"}],"curies":[{"name":"wp","href":"https:\/\/api.w.org\/{rel}","templated":true}]}}